{"id":37,"date":"2016-06-28T18:55:43","date_gmt":"2016-06-28T18:55:43","guid":{"rendered":"http:\/\/www.jlmetales.com.ar\/?page_id=37"},"modified":"2024-07-22T14:57:52","modified_gmt":"2024-07-22T17:57:52","slug":"productos","status":"publish","type":"page","link":"https:\/\/www.jlmetales.com.ar\/?page_id=37","title":{"rendered":"Productos"},"content":{"rendered":"<div id=\"pl-37\"  class=\"panel-layout\" ><div id=\"pg-37-0\"  class=\"panel-grid panel-has-style\" ><div class=\"siteorigin-panels-stretch panel-row-style panel-row-style-for-37-0\" data-stretch-type=\"full-stretched\" ><div id=\"pgc-37-0-0\"  class=\"panel-grid-cell\" ><div id=\"panel-37-0-0-0\" class=\"so-panel widget widget_sow-headline panel-first-child panel-last-child\" data-index=\"0\" ><div\n\t\t\t\n\t\t\tclass=\"so-widget-sow-headline so-widget-sow-headline-default-c8af2ccb3cf8-37 so-widget-fittext-wrapper\"\n\t\t\t data-fit-text-compressor=\"0.85\"\n\t\t><div class=\"sow-headline-container \">\n\t\t\t\t\t\t\t<h1 class=\"sow-headline\">\n\t\t\t\t\t\tBrindamos certificaciones de calidad para todos nuestros productos.\t\t\t\t\t\t<\/h1>\n\t\t\t\t\t\t<\/div>\n<\/div><\/div><\/div><\/div><\/div><div id=\"pg-37-1\"  class=\"panel-grid panel-has-style\" ><div class=\"panel-row-style panel-row-style-for-37-1\" ><div id=\"pgc-37-1-0\"  class=\"panel-grid-cell\" ><div id=\"panel-37-1-0-0\" class=\"so-panel widget widget_sow-headline panel-first-child panel-last-child\" data-index=\"1\" ><div\n\t\t\t\n\t\t\tclass=\"so-widget-sow-headline so-widget-sow-headline-default-52b4ac1ef306-37 so-widget-fittext-wrapper\"\n\t\t\t data-fit-text-compressor=\"0.85\"\n\t\t><div class=\"sow-headline-container \">\n\t\t\t\t\t\t\t<h1 class=\"sow-headline\">\n\t\t\t\t\t\tProductos\t\t\t\t\t\t<\/h1>\n\t\t\t\t\t\t<\/div>\n<\/div><\/div><\/div><\/div><\/div><div id=\"pg-37-2\"  class=\"panel-grid panel-no-style\" ><div id=\"pgc-37-2-0\"  class=\"panel-grid-cell\" ><div id=\"panel-37-2-0-0\" class=\"so-panel widget widget_sow-image panel-first-child\" data-index=\"2\" ><div\n\t\t\t\n\t\t\tclass=\"so-widget-sow-image so-widget-sow-image-default-8b5b6f678277-37\"\n\t\t\t\n\t\t>\n\n<div class=\"sow-image-container\">\n\t\t\t<a href=\"http:\/\/www.jlmetales.com.ar\/Catalogo_pdf\/catalogo_aluminio_nuevo.pdf\"\n\t\t\ttarget=\"_blank\" rel=\"noopener noreferrer\" \t\t>\n\t\t\t<img src=\"https:\/\/www.jlmetales.com.ar\/wp-content\/uploads\/2024\/07\/ALUMINIO.jpg\" width=\"640\" height=\"426\" srcset=\"https:\/\/www.jlmetales.com.ar\/wp-content\/uploads\/2024\/07\/ALUMINIO.jpg 640w, https:\/\/www.jlmetales.com.ar\/wp-content\/uploads\/2024\/07\/ALUMINIO-300x200.jpg 300w, https:\/\/www.jlmetales.com.ar\/wp-content\/uploads\/2024\/07\/ALUMINIO-272x182.jpg 272w\" sizes=\"(max-width: 640px) 100vw, 640px\" alt=\"\" loading=\"lazy\" \t\tclass=\"so-widget-image\"\/>\n\t<\/a><\/div>\n\n<\/div><\/div><div id=\"panel-37-2-0-1\" class=\"so-panel widget widget_sow-headline panel-last-child\" data-index=\"3\" ><div\n\t\t\t\n\t\t\tclass=\"so-widget-sow-headline so-widget-sow-headline-default-3c52497635f2-37 so-widget-fittext-wrapper\"\n\t\t\t data-fit-text-compressor=\"0.85\"\n\t\t><div class=\"sow-headline-container \">\n\t\t\t\t\t\t\t<h2 class=\"sow-headline\">\n\t\t\t\t\t\tAluminio\t\t\t\t\t\t<\/h2>\n\t\t\t\t\t\t\t\t\t\t\t<div class=\"decoration\">\n\t\t\t\t\t\t<div class=\"decoration-inside\"><\/div>\n\t\t\t\t\t<\/div>\n\t\t\t\t\t\t\t\t\t\t\t<h6 class=\"sow-sub-headline\">\n\t\t\t\t\t\tBarras, Chapas, Tubos, Perfiles, Planchuelas, Bobinas, Placas, Ca\u00f1os en rollo.\t\t\t\t\t\t<\/h6>\n\t\t\t\t\t\t<\/div>\n<\/div><\/div><\/div><div id=\"pgc-37-2-1\"  class=\"panel-grid-cell\" ><div id=\"panel-37-2-1-0\" class=\"so-panel widget widget_sow-image panel-first-child\" data-index=\"4\" ><div\n\t\t\t\n\t\t\tclass=\"so-widget-sow-image so-widget-sow-image-default-8b5b6f678277-37\"\n\t\t\t\n\t\t>\n\n<div class=\"sow-image-container\">\n\t\t\t<a href=\"http:\/\/www.jlmetales.com.ar\/Catalogo_pdf\/Catalogo_laton_nuevo.pdf\"\n\t\t\ttarget=\"_blank\" rel=\"noopener noreferrer\" \t\t>\n\t\t\t<img src=\"https:\/\/www.jlmetales.com.ar\/wp-content\/uploads\/2024\/07\/LATON.jpg\" width=\"640\" height=\"426\" srcset=\"https:\/\/www.jlmetales.com.ar\/wp-content\/uploads\/2024\/07\/LATON.jpg 640w, https:\/\/www.jlmetales.com.ar\/wp-content\/uploads\/2024\/07\/LATON-300x200.jpg 300w, https:\/\/www.jlmetales.com.ar\/wp-content\/uploads\/2024\/07\/LATON-272x182.jpg 272w\" sizes=\"(max-width: 640px) 100vw, 640px\" alt=\"\" loading=\"lazy\" \t\tclass=\"so-widget-image\"\/>\n\t<\/a><\/div>\n\n<\/div><\/div><div id=\"panel-37-2-1-1\" class=\"so-panel widget widget_sow-headline panel-last-child\" data-index=\"5\" ><div\n\t\t\t\n\t\t\tclass=\"so-widget-sow-headline so-widget-sow-headline-default-3c52497635f2-37 so-widget-fittext-wrapper\"\n\t\t\t data-fit-text-compressor=\"0.85\"\n\t\t><div class=\"sow-headline-container \">\n\t\t\t\t\t\t\t<h2 class=\"sow-headline\">\n\t\t\t\t\t\tLat\u00f3n\t\t\t\t\t\t<\/h2>\n\t\t\t\t\t\t\t\t\t\t\t<div class=\"decoration\">\n\t\t\t\t\t\t<div class=\"decoration-inside\"><\/div>\n\t\t\t\t\t<\/div>\n\t\t\t\t\t\t\t\t\t\t\t<h6 class=\"sow-sub-headline\">\n\t\t\t\t\t\tBarras, Chapas, Tubos, Perfiles, Planchuelas, Bobinas.\t\t\t\t\t\t<\/h6>\n\t\t\t\t\t\t<\/div>\n<\/div><\/div><\/div><div id=\"pgc-37-2-2\"  class=\"panel-grid-cell\" ><div id=\"panel-37-2-2-0\" class=\"so-panel widget widget_sow-image panel-first-child\" data-index=\"6\" ><div\n\t\t\t\n\t\t\tclass=\"so-widget-sow-image so-widget-sow-image-default-8b5b6f678277-37\"\n\t\t\t\n\t\t>\n\n<div class=\"sow-image-container\">\n\t\t\t<a href=\"http:\/\/www.jlmetales.com.ar\/Catalogo_pdf\/catalogo_cobre_nuevo.pdf\"\n\t\t\ttarget=\"_blank\" rel=\"noopener noreferrer\" \t\t>\n\t\t\t<img src=\"https:\/\/www.jlmetales.com.ar\/wp-content\/uploads\/2024\/07\/COBRE.jpg\" width=\"640\" height=\"426\" srcset=\"https:\/\/www.jlmetales.com.ar\/wp-content\/uploads\/2024\/07\/COBRE.jpg 640w, https:\/\/www.jlmetales.com.ar\/wp-content\/uploads\/2024\/07\/COBRE-300x200.jpg 300w, https:\/\/www.jlmetales.com.ar\/wp-content\/uploads\/2024\/07\/COBRE-272x182.jpg 272w\" sizes=\"(max-width: 640px) 100vw, 640px\" alt=\"\" loading=\"lazy\" \t\tclass=\"so-widget-image\"\/>\n\t<\/a><\/div>\n\n<\/div><\/div><div id=\"panel-37-2-2-1\" class=\"so-panel widget widget_sow-headline panel-last-child\" data-index=\"7\" ><div\n\t\t\t\n\t\t\tclass=\"so-widget-sow-headline so-widget-sow-headline-default-3c52497635f2-37 so-widget-fittext-wrapper\"\n\t\t\t data-fit-text-compressor=\"0.85\"\n\t\t><div class=\"sow-headline-container \">\n\t\t\t\t\t\t\t<h2 class=\"sow-headline\">\n\t\t\t\t\t\tCobre\t\t\t\t\t\t<\/h2>\n\t\t\t\t\t\t\t\t\t\t\t<div class=\"decoration\">\n\t\t\t\t\t\t<div class=\"decoration-inside\"><\/div>\n\t\t\t\t\t<\/div>\n\t\t\t\t\t\t\t\t\t\t\t<h6 class=\"sow-sub-headline\">\n\t\t\t\t\t\tBarras, Chapas, Tubos, Ca\u00f1os en rollo, Planchuelas, Bobinas.\t\t\t\t\t\t<\/h6>\n\t\t\t\t\t\t<\/div>\n<\/div><\/div><\/div><div id=\"pgc-37-2-3\"  class=\"panel-grid-cell\" ><div id=\"panel-37-2-3-0\" class=\"so-panel widget widget_sow-image panel-first-child\" data-index=\"8\" ><div\n\t\t\t\n\t\t\tclass=\"so-widget-sow-image so-widget-sow-image-default-8b5b6f678277-37\"\n\t\t\t\n\t\t>\n\n<div class=\"sow-image-container\">\n\t\t\t<a href=\"http:\/\/www.jlmetales.com.ar\/Catalogo_pdf\/catalogo_plasticos_industriales_nuevo.pdf\"\n\t\t\ttarget=\"_blank\" rel=\"noopener noreferrer\" \t\t>\n\t\t\t<img src=\"https:\/\/www.jlmetales.com.ar\/wp-content\/uploads\/2024\/07\/PLASTICOS-1.jpg\" width=\"640\" height=\"426\" srcset=\"https:\/\/www.jlmetales.com.ar\/wp-content\/uploads\/2024\/07\/PLASTICOS-1.jpg 640w, https:\/\/www.jlmetales.com.ar\/wp-content\/uploads\/2024\/07\/PLASTICOS-1-300x200.jpg 300w, https:\/\/www.jlmetales.com.ar\/wp-content\/uploads\/2024\/07\/PLASTICOS-1-272x182.jpg 272w\" sizes=\"(max-width: 640px) 100vw, 640px\" title=\"PLASTICOS\" alt=\"\" loading=\"lazy\" \t\tclass=\"so-widget-image\"\/>\n\t<\/a><\/div>\n\n<\/div><\/div><div id=\"panel-37-2-3-1\" class=\"so-panel widget widget_sow-headline panel-last-child\" data-index=\"9\" ><div\n\t\t\t\n\t\t\tclass=\"so-widget-sow-headline so-widget-sow-headline-default-3c52497635f2-37 so-widget-fittext-wrapper\"\n\t\t\t data-fit-text-compressor=\"0.85\"\n\t\t><div class=\"sow-headline-container \">\n\t\t\t\t\t\t\t<h2 class=\"sow-headline\">\n\t\t\t\t\t\tPl\u00e1sticos \t\t\t\t\t\t<\/h2>\n\t\t\t\t\t\t\t\t\t\t\t<div class=\"decoration\">\n\t\t\t\t\t\t<div class=\"decoration-inside\"><\/div>\n\t\t\t\t\t<\/div>\n\t\t\t\t\t\t\t\t\t\t\t<h6 class=\"sow-sub-headline\">\n\t\t\t\t\t\tBarras, Bujes y Placas. Grilon, Polietileno, Polipropileno, Delrin.\t\t\t\t\t\t<\/h6>\n\t\t\t\t\t\t<\/div>\n<\/div><\/div><\/div><div id=\"pgc-37-2-4\"  class=\"panel-grid-cell\" ><div id=\"panel-37-2-4-0\" class=\"so-panel widget widget_sow-image panel-first-child\" data-index=\"10\" ><div\n\t\t\t\n\t\t\tclass=\"so-widget-sow-image so-widget-sow-image-default-8b5b6f678277-37\"\n\t\t\t\n\t\t>\n\n<div class=\"sow-image-container\">\n\t\t\t<a href=\"http:\/\/www.jlmetales.com.ar\/Catalogo_pdf\/catalogo_bronce_fosforoso_nuevo.pdf\"\n\t\t\ttarget=\"_blank\" rel=\"noopener noreferrer\" \t\t>\n\t\t\t<img src=\"https:\/\/www.jlmetales.com.ar\/wp-content\/uploads\/2024\/07\/BRONCE.jpg\" width=\"640\" height=\"426\" srcset=\"https:\/\/www.jlmetales.com.ar\/wp-content\/uploads\/2024\/07\/BRONCE.jpg 640w, https:\/\/www.jlmetales.com.ar\/wp-content\/uploads\/2024\/07\/BRONCE-300x200.jpg 300w, https:\/\/www.jlmetales.com.ar\/wp-content\/uploads\/2024\/07\/BRONCE-272x182.jpg 272w\" sizes=\"(max-width: 640px) 100vw, 640px\" alt=\"\" loading=\"lazy\" \t\tclass=\"so-widget-image\"\/>\n\t<\/a><\/div>\n\n<\/div><\/div><div id=\"panel-37-2-4-1\" class=\"so-panel widget widget_sow-headline panel-last-child\" data-index=\"11\" ><div\n\t\t\t\n\t\t\tclass=\"so-widget-sow-headline so-widget-sow-headline-default-3c52497635f2-37 so-widget-fittext-wrapper\"\n\t\t\t data-fit-text-compressor=\"0.85\"\n\t\t><div class=\"sow-headline-container \">\n\t\t\t\t\t\t\t<h2 class=\"sow-headline\">\n\t\t\t\t\t\tBronce Fosforoso\t\t\t\t\t\t<\/h2>\n\t\t\t\t\t\t\t\t\t\t\t<div class=\"decoration\">\n\t\t\t\t\t\t<div class=\"decoration-inside\"><\/div>\n\t\t\t\t\t<\/div>\n\t\t\t\t\t\t\t\t\t\t\t<h6 class=\"sow-sub-headline\">\n\t\t\t\t\t\tBarras y Bujes.\t\t\t\t\t\t<\/h6>\n\t\t\t\t\t\t<\/div>\n<\/div><\/div><\/div><div id=\"pgc-37-2-5\"  class=\"panel-grid-cell\" ><div id=\"panel-37-2-5-0\" class=\"so-panel widget widget_sow-image panel-first-child\" data-index=\"12\" ><div\n\t\t\t\n\t\t\tclass=\"so-widget-sow-image so-widget-sow-image-default-8b5b6f678277-37\"\n\t\t\t\n\t\t>\n\n<div class=\"sow-image-container\">\n\t\t\t<a href=\"http:\/\/www.jlmetales.com.ar\/Catalogo_pdf\/catalogo_mosquitero_nuevo.pdf\"\n\t\t\ttarget=\"_blank\" rel=\"noopener noreferrer\" \t\t>\n\t\t\t<img src=\"https:\/\/www.jlmetales.com.ar\/wp-content\/uploads\/2024\/07\/MOSQUITERO-1.jpg\" width=\"640\" height=\"426\" srcset=\"https:\/\/www.jlmetales.com.ar\/wp-content\/uploads\/2024\/07\/MOSQUITERO-1.jpg 640w, https:\/\/www.jlmetales.com.ar\/wp-content\/uploads\/2024\/07\/MOSQUITERO-1-300x200.jpg 300w, https:\/\/www.jlmetales.com.ar\/wp-content\/uploads\/2024\/07\/MOSQUITERO-1-272x182.jpg 272w\" sizes=\"(max-width: 640px) 100vw, 640px\" title=\"MOSQUITERO\" alt=\"\" loading=\"lazy\" \t\tclass=\"so-widget-image\"\/>\n\t<\/a><\/div>\n\n<\/div><\/div><div id=\"panel-37-2-5-1\" class=\"so-panel widget widget_sow-headline panel-last-child\" data-index=\"13\" ><div\n\t\t\t\n\t\t\tclass=\"so-widget-sow-headline so-widget-sow-headline-default-3c52497635f2-37 so-widget-fittext-wrapper\"\n\t\t\t data-fit-text-compressor=\"0.85\"\n\t\t><div class=\"sow-headline-container \">\n\t\t\t\t\t\t\t<h2 class=\"sow-headline\">\n\t\t\t\t\t\tMosquiteros\t\t\t\t\t\t<\/h2>\n\t\t\t\t\t\t\t\t\t\t\t<div class=\"decoration\">\n\t\t\t\t\t\t<div class=\"decoration-inside\"><\/div>\n\t\t\t\t\t<\/div>\n\t\t\t\t\t\t\t\t\t\t\t<h6 class=\"sow-sub-headline\">\n\t\t\t\t\t\tDe aluminio.\t\t\t\t\t\t<\/h6>\n\t\t\t\t\t\t<\/div>\n<\/div><\/div><\/div><\/div><\/div>","protected":false},"excerpt":{"rendered":"<p>Brindamos certificaciones de calidad para todos nuestros productos. Productos Aluminio Barras, Chapas, Tubos, Perfiles, Planchuelas, Bobinas, Placas, Ca\u00f1os en rollo. Lat\u00f3n Barras, Chapas, Tubos, Perfiles, Planchuelas, Bobinas. Cobre Barras, Chapas, Tubos, Ca\u00f1os en rollo, Planchuelas, Bobinas. Pl\u00e1sticos Barras, Bujes y Placas. Grilon, Polietileno, Polipropileno, Delrin. Bronce Fosforoso Barras y Bujes. Mosquiteros De aluminio.<\/p>\n","protected":false},"author":1,"featured_media":0,"parent":0,"menu_order":3,"comment_status":"closed","ping_status":"closed","template":"page-templates\/full-width.php","meta":[],"_links":{"self":[{"href":"https:\/\/www.jlmetales.com.ar\/index.php?rest_route=\/wp\/v2\/pages\/37"}],"collection":[{"href":"https:\/\/www.jlmetales.com.ar\/index.php?rest_route=\/wp\/v2\/pages"}],"about":[{"href":"https:\/\/www.jlmetales.com.ar\/index.php?rest_route=\/wp\/v2\/types\/page"}],"author":[{"embeddable":true,"href":"https:\/\/www.jlmetales.com.ar\/index.php?rest_route=\/wp\/v2\/users\/1"}],"replies":[{"embeddable":true,"href":"https:\/\/www.jlmetales.com.ar\/index.php?rest_route=%2Fwp%2Fv2%2Fcomments&post=37"}],"version-history":[{"count":34,"href":"https:\/\/www.jlmetales.com.ar\/index.php?rest_route=\/wp\/v2\/pages\/37\/revisions"}],"predecessor-version":[{"id":504,"href":"https:\/\/www.jlmetales.com.ar\/index.php?rest_route=\/wp\/v2\/pages\/37\/revisions\/504"}],"wp:attachment":[{"href":"https:\/\/www.jlmetales.com.ar\/index.php?rest_route=%2Fwp%2Fv2%2Fmedia&parent=37"}],"curies":[{"name":"wp","href":"https:\/\/api.w.org\/{rel}","templated":true}]}}